{"id":2334,"date":"2021-05-13T10:01:46","date_gmt":"2021-05-13T08:01:46","guid":{"rendered":"https:\/\/wyprzedaz.autosliwka.pl\/?page_id=2334"},"modified":"2021-05-13T10:02:55","modified_gmt":"2021-05-13T08:02:55","slug":"formularz-kontakotowy","status":"publish","type":"page","link":"https:\/\/wyprzedaz.autosliwka.pl\/index.php\/formularz-kontakotowy\/","title":{"rendered":"Formularz kontakotowy"},"content":{"rendered":"<p>[vc_row hide_bg_image_on_tablet=&#8221;&#8221; hide_bg_image_on_mobile=&#8221;&#8221; css=&#8221;.vc_custom_1620892966405{margin-top: 50px !important;}&#8221;][vc_column width=&#8221;1\/4&#8243; icons_position=&#8221;left&#8221;][\/vc_column][vc_column width=&#8221;1\/2&#8243; icons_position=&#8221;left&#8221;][vc_column_text]<div role=\"form\" class=\"wpcf7\" id=\"wpcf7-f101-o1\" lang=\"en\" dir=\"ltr\">\n<div class=\"screen-reader-response\"><p role=\"status\" aria-live=\"polite\" aria-atomic=\"true\"><\/p> <ul><\/ul><\/div>\n<form action=\"\/index.php\/wp-json\/wp\/v2\/pages\/2334#wpcf7-f101-o1\" method=\"post\" class=\"wpcf7-form init\" novalidate=\"novalidate\" data-status=\"init\">\n<div style=\"display: none;\">\n<input type=\"hidden\" name=\"_wpcf7\" value=\"101\" \/>\n<input type=\"hidden\" name=\"_wpcf7_version\" value=\"5.4.1\" \/>\n<input type=\"hidden\" name=\"_wpcf7_locale\" value=\"en\" \/>\n<input type=\"hidden\" name=\"_wpcf7_unit_tag\" value=\"wpcf7-f101-o1\" \/>\n<input type=\"hidden\" name=\"_wpcf7_container_post\" value=\"0\" \/>\n<input type=\"hidden\" name=\"_wpcf7_posted_data_hash\" value=\"\" \/>\n<\/div>\n<p><label> <b>Imi\u0119 i Nazwisko:*<\/b><br \/>\n    <span class=\"wpcf7-form-control-wrap your-name\"><input type=\"text\" name=\"your-name\" value=\"\" size=\"40\" class=\"wpcf7-form-control wpcf7-text wpcf7-validates-as-required\" aria-required=\"true\" aria-invalid=\"false\" \/><\/span> <\/label><\/p>\n<p><label> <b>Telefon kontaktowy:*<\/b><br \/>\n    <span class=\"wpcf7-form-control-wrap tel-388\"><input type=\"tel\" name=\"tel-388\" value=\"\" size=\"40\" class=\"wpcf7-form-control wpcf7-text wpcf7-tel wpcf7-validates-as-required wpcf7-validates-as-tel\" aria-required=\"true\" aria-invalid=\"false\" \/><\/span><\/label><\/p>\n<p><label> <b>Tw\u00f3j e-mail:*<\/b><br \/>\n    <span class=\"wpcf7-form-control-wrap your-email\"><input type=\"email\" name=\"your-email\" value=\"\" size=\"40\" class=\"wpcf7-form-control wpcf7-text wpcf7-email wpcf7-validates-as-required wpcf7-validates-as-email\" aria-required=\"true\" aria-invalid=\"false\" \/><\/span> <\/label><\/p>\n<p><label> <b>Kt\u00f3ry model Ci\u0119 interesuje:*<\/b><br \/>\n<\/label><\/p>\n<p><span class=\"wpcf7-form-control-wrap acceptance-675\"><span class=\"wpcf7-form-control wpcf7-acceptance\"><span class=\"wpcf7-list-item\"><label><input type=\"checkbox\" name=\"acceptance-675\" value=\"1\" aria-invalid=\"false\" \/><span class=\"wpcf7-list-item-label\">Zgadzam si\u0119 na u\u017cywanie przez Volkswagen Group Polska Sp. z o.o. (VGP) oraz \u0160KODA Auto a.s. przekazanych danych, danych zebranych o moich zapytaniach  zainteresowaniach, ofertach, zam\u00f3wieniach i zleceniach w ramach relacji biznesowej z VGP lub z Autoryzowanym Dealerem lub Autoryzowanym Partnerem Serwisowym, w celu marketingu dot. produkt\u00f3w i us\u0142ug marki \u0160KODA oraz innych powi\u0105zanych z mark\u0105 \u0160KODA akcesori\u00f3w, produkt\u00f3w i us\u0142ug motoryzacyjnych, w tym tak\u017ce w celu profilowania na potrzeby marketingu oraz realizacji dzia\u0142a\u0144 posprzeda\u017cowych polegaj\u0105cych na prowadzeniu i analizie bada\u0144: satysfakcji klienta lub zainteresowania mark\u0105, produktami i us\u0142ugami marki \u0160KODA.<\/span><\/label><\/span><\/span><\/span><\/p>\n<p><input type=\"submit\" value=\"Wy\u015blij\" class=\"wpcf7-form-control wpcf7-submit\" \/><\/p>\n<div class=\"wpcf7-response-output\" aria-hidden=\"true\"><\/div><\/form><\/div>[\/vc_column_text][\/vc_column][vc_column width=&#8221;1\/4&#8243; icons_position=&#8221;left&#8221;][\/vc_column][\/vc_row]<\/p>\n","protected":false},"excerpt":{"rendered":"<p>[vc_row hide_bg_image_on_tablet=&#8221;&#8221; hide_bg_image_on_mobile=&#8221;&#8221; css=&#8221;.vc_custom_1620892966405{margin-top: 50px !important;}&#8221;][vc_column width=&#8221;1\/4&#8243; icons_position=&#8221;left&#8221;][\/vc_column][vc_column width=&#8221;1\/2&#8243; icons_position=&#8221;left&#8221;][vc_column_text][\/vc_column_text][\/vc_column][vc_column width=&#8221;1\/4&#8243; icons_position=&#8221;left&#8221;][\/vc_column][\/vc_row]<\/p>\n","protected":false},"author":1,"featured_media":0,"parent":0,"menu_order":0,"comment_status":"closed","ping_status":"closed","template":"","meta":[],"yoast_head":"<!-- This site is optimized with the Yoast SEO plugin v16.4 - https:\/\/yoast.com\/wordpress\/plugins\/seo\/ -->\n<title>Formularz kontakotowy - \u0160koda Auto \u015aliwka Polska<\/title>\n<meta name=\"robots\" content=\"index, follow, max-snippet:-1, max-image-preview:large, max-video-preview:-1\" \/>\n<link rel=\"canonical\" href=\"https:\/\/wyprzedaz.autosliwka.pl\/index.php\/formularz-kontakotowy\/\" \/>\n<meta property=\"og:locale\" content=\"pl_PL\" \/>\n<meta property=\"og:type\" content=\"article\" \/>\n<meta property=\"og:title\" content=\"Formularz kontakotowy - \u0160koda Auto \u015aliwka Polska\" \/>\n<meta property=\"og:description\" content=\"[vc_row hide_bg_image_on_tablet=&#8221;&#8221; hide_bg_image_on_mobile=&#8221;&#8221; css=&#8221;.vc_custom_1620892966405{margin-top: 50px !important;}&#8221;][vc_column width=&#8221;1\/4&#8243; icons_position=&#8221;left&#8221;][\/vc_column][vc_column width=&#8221;1\/2&#8243; icons_position=&#8221;left&#8221;][vc_column_text][\/vc_column_text][\/vc_column][vc_column width=&#8221;1\/4&#8243; icons_position=&#8221;left&#8221;][\/vc_column][\/vc_row]\" \/>\n<meta property=\"og:url\" content=\"https:\/\/wyprzedaz.autosliwka.pl\/index.php\/formularz-kontakotowy\/\" \/>\n<meta property=\"og:site_name\" content=\"\u0160koda Auto \u015aliwka Polska\" \/>\n<meta property=\"article:modified_time\" content=\"2021-05-13T08:02:55+00:00\" \/>\n<meta name=\"twitter:card\" content=\"summary_large_image\" \/>\n<script type=\"application\/ld+json\" class=\"yoast-schema-graph\">{\"@context\":\"https:\/\/schema.org\",\"@graph\":[{\"@type\":\"WebSite\",\"@id\":\"https:\/\/wyprzedaz.autosliwka.pl\/#website\",\"url\":\"https:\/\/wyprzedaz.autosliwka.pl\/\",\"name\":\"\\u0160koda Auto \\u015aliwka Polska\",\"description\":\"Najnowsze modele Skody. Odwied\\u017a salon i zapytaj o szczeg\\u00f3\\u0142y Autoryzowanego Dealera Marki Skoda ASO. Salony: Katowice, Sosnowiec, Zabrze - \\u0160koda Auto \\u015aliwka Polska.\",\"potentialAction\":[{\"@type\":\"SearchAction\",\"target\":\"https:\/\/wyprzedaz.autosliwka.pl\/?s={search_term_string}\",\"query-input\":\"required name=search_term_string\"}],\"inLanguage\":\"pl-PL\"},{\"@type\":\"WebPage\",\"@id\":\"https:\/\/wyprzedaz.autosliwka.pl\/index.php\/formularz-kontakotowy\/#webpage\",\"url\":\"https:\/\/wyprzedaz.autosliwka.pl\/index.php\/formularz-kontakotowy\/\",\"name\":\"Formularz kontakotowy - \\u0160koda Auto \\u015aliwka Polska\",\"isPartOf\":{\"@id\":\"https:\/\/wyprzedaz.autosliwka.pl\/#website\"},\"datePublished\":\"2021-05-13T08:01:46+00:00\",\"dateModified\":\"2021-05-13T08:02:55+00:00\",\"breadcrumb\":{\"@id\":\"https:\/\/wyprzedaz.autosliwka.pl\/index.php\/formularz-kontakotowy\/#breadcrumb\"},\"inLanguage\":\"pl-PL\",\"potentialAction\":[{\"@type\":\"ReadAction\",\"target\":[\"https:\/\/wyprzedaz.autosliwka.pl\/index.php\/formularz-kontakotowy\/\"]}]},{\"@type\":\"BreadcrumbList\",\"@id\":\"https:\/\/wyprzedaz.autosliwka.pl\/index.php\/formularz-kontakotowy\/#breadcrumb\",\"itemListElement\":[{\"@type\":\"ListItem\",\"position\":1,\"item\":{\"@type\":\"WebPage\",\"@id\":\"https:\/\/wyprzedaz.autosliwka.pl\/\",\"url\":\"https:\/\/wyprzedaz.autosliwka.pl\/\",\"name\":\"Strona g\\u0142\\u00f3wna\"}},{\"@type\":\"ListItem\",\"position\":2,\"item\":{\"@id\":\"https:\/\/wyprzedaz.autosliwka.pl\/index.php\/formularz-kontakotowy\/#webpage\"}}]}]}<\/script>\n<!-- \/ Yoast SEO plugin. -->","_links":{"self":[{"href":"https:\/\/wyprzedaz.autosliwka.pl\/index.php\/wp-json\/wp\/v2\/pages\/2334"}],"collection":[{"href":"https:\/\/wyprzedaz.autosliwka.pl\/index.php\/wp-json\/wp\/v2\/pages"}],"about":[{"href":"https:\/\/wyprzedaz.autosliwka.pl\/index.php\/wp-json\/wp\/v2\/types\/page"}],"author":[{"embeddable":true,"href":"https:\/\/wyprzedaz.autosliwka.pl\/index.php\/wp-json\/wp\/v2\/users\/1"}],"replies":[{"embeddable":true,"href":"https:\/\/wyprzedaz.autosliwka.pl\/index.php\/wp-json\/wp\/v2\/comments?post=2334"}],"version-history":[{"count":4,"href":"https:\/\/wyprzedaz.autosliwka.pl\/index.php\/wp-json\/wp\/v2\/pages\/2334\/revisions"}],"predecessor-version":[{"id":2945,"href":"https:\/\/wyprzedaz.autosliwka.pl\/index.php\/wp-json\/wp\/v2\/pages\/2334\/revisions\/2945"}],"wp:attachment":[{"href":"https:\/\/wyprzedaz.autosliwka.pl\/index.php\/wp-json\/wp\/v2\/media?parent=2334"}],"curies":[{"name":"wp","href":"https:\/\/api.w.org\/{rel}","templated":true}]}}