{"id":2552,"date":"2021-07-09T13:17:02","date_gmt":"2021-07-09T11:17:02","guid":{"rendered":"https:\/\/wyprzedaz.autosliwka.pl\/?page_id=2552"},"modified":"2022-06-30T15:49:32","modified_gmt":"2022-06-30T13:49:32","slug":"wyprzedaz-skody","status":"publish","type":"page","link":"https:\/\/wyprzedaz.autosliwka.pl\/index.php\/wyprzedaz-skody\/","title":{"rendered":"Wyprzeda\u017c Skody"},"content":{"rendered":"<h1 style=\"text-align: center;\"><img loading=\"lazy\" class=\"alignnone wp-image-2559\" src=\"https:\/\/wyprzedaz.autosliwka.pl\/wp-content\/uploads\/2021\/07\/1-Kopia-BANER-wyprzedaz-1.png\" alt=\"\" width=\"1920\" height=\"500\" srcset=\"https:\/\/wyprzedaz.autosliwka.pl\/wp-content\/uploads\/2021\/07\/1-Kopia-BANER-wyprzedaz-1.png 1920w, https:\/\/wyprzedaz.autosliwka.pl\/wp-content\/uploads\/2021\/07\/1-Kopia-BANER-wyprzedaz-1-300x78.png 300w, https:\/\/wyprzedaz.autosliwka.pl\/wp-content\/uploads\/2021\/07\/1-Kopia-BANER-wyprzedaz-1-1024x267.png 1024w, https:\/\/wyprzedaz.autosliwka.pl\/wp-content\/uploads\/2021\/07\/1-Kopia-BANER-wyprzedaz-1-768x200.png 768w, https:\/\/wyprzedaz.autosliwka.pl\/wp-content\/uploads\/2021\/07\/1-Kopia-BANER-wyprzedaz-1-1536x400.png 1536w, https:\/\/wyprzedaz.autosliwka.pl\/wp-content\/uploads\/2021\/07\/1-Kopia-BANER-wyprzedaz-1-370x96.png 370w, https:\/\/wyprzedaz.autosliwka.pl\/wp-content\/uploads\/2021\/07\/1-Kopia-BANER-wyprzedaz-1-760x198.png 760w\" sizes=\"(max-width: 1920px) 100vw, 1920px\" \/><\/h1>\n<h1 style=\"text-align: center;\">Wyprzeda\u017c Skody<\/h1>\n<p>Zakup nowego samochodu zawsze wyzwala wiele emocji. Oczywi\u015bcie tych pozytywnych! Najcz\u0119\u015bciej zastanawiamy si\u0119 nad wyborem konkretnego modelu pojazdu, czy ma to by\u0107 ma\u0142y miejski samoch\u00f3d, czy te\u017c rodzinny w typie SUV&#8217;a. Nie bez znaczenia jest r\u00f3wnie\u017c wariant nadwozia. Tak si\u0119 sk\u0142ada, \u017ce Skoda to marka, kt\u00f3ra ma w tym wzgl\u0119dzie wiele do zaoferowania &#8211; w zale\u017cno\u015bci od modelu przewa\u017cnie jest do wyboru kilka wersji wyposa\u017cenia. Dodatkowo marka Skoda wychodzi naprzeciw potrzebom swoich klient\u00f3w i organizuje akcje promocyjne i rabaty na zakup nowego samochodu.<\/p>\n<p>Planujesz zakup nowej Skody? Sprawd\u017a nasze rodzinne samochody z segmentu C, ma\u0142e miejskie samochody z segmentu B. Posiadamy w ofercie du\u017cy wyb\u00f3r pojazd\u00f3w marki Skoda, dzi\u0119ki czemu ka\u017cdy klient mo\u017ce zdecydowa\u0107 si\u0119 na taki zakup samochodu, kt\u00f3ry b\u0119dzie zgodny z indywidualnymi wymaganiami, potrzebami.<\/p>\n<p>Sprawd\u017a samochody Skoda dost\u0119pne od r\u0119ki i skorzystaj z opcji wyprzeda\u017cy! Um\u00f3w si\u0119 na jazd\u0119 pr\u00f3bn\u0105 wybranym przez siebie modelem Skody. Zaproponujmy najbardziej dogodny termin na jazd\u0119 testow\u0105. Je\u015bli chcesz pozna\u0107 wi\u0119cej szczeg\u00f3\u0142\u00f3w dotycz\u0105cych samej oferty wyprzeda\u017cy, odwied\u017a nasz salon dealerski lub skontaktuj si\u0119 z naszym doradc\u0105.<\/p>\n","protected":false},"excerpt":{"rendered":"<p>Wyprzeda\u017c Skody Zakup nowego samochodu zawsze wyzwala wiele emocji. Oczywi\u015bcie tych pozytywnych! Najcz\u0119\u015bciej zastanawiamy si\u0119 nad wyborem konkretnego modelu pojazdu, czy ma to by\u0107 ma\u0142y&hellip;<\/p>\n","protected":false},"author":1,"featured_media":0,"parent":0,"menu_order":0,"comment_status":"closed","ping_status":"closed","template":"","meta":[],"yoast_head":"<!-- This site is optimized with the Yoast SEO plugin v16.4 - https:\/\/yoast.com\/wordpress\/plugins\/seo\/ -->\n<title>Wyprzeda\u017c samochod\u00f3w marki Skoda - dealer Skoda Auto \u015aliwka<\/title>\n<meta name=\"description\" content=\"Zapraszamy do skorzystania z oferty wyprzeda\u017cy! W\u0142a\u015bnie teraz trwa wyprzeda\u017c Skody - wybrane modele w atrakcyjnej ofercie cenowej. Nowa Skoda w dobrej cenie!\" \/>\n<meta name=\"robots\" content=\"index, follow, max-snippet:-1, max-image-preview:large, max-video-preview:-1\" \/>\n<link rel=\"canonical\" href=\"https:\/\/wyprzedaz.autosliwka.pl\/index.php\/wyprzedaz-skody\/\" \/>\n<meta property=\"og:locale\" content=\"pl_PL\" \/>\n<meta property=\"og:type\" content=\"article\" \/>\n<meta property=\"og:title\" content=\"Wyprzeda\u017c samochod\u00f3w marki Skoda - dealer Skoda Auto \u015aliwka\" \/>\n<meta property=\"og:description\" content=\"Zapraszamy do skorzystania z oferty wyprzeda\u017cy! W\u0142a\u015bnie teraz trwa wyprzeda\u017c Skody - wybrane modele w atrakcyjnej ofercie cenowej. Nowa Skoda w dobrej cenie!\" \/>\n<meta property=\"og:url\" content=\"https:\/\/wyprzedaz.autosliwka.pl\/index.php\/wyprzedaz-skody\/\" \/>\n<meta property=\"og:site_name\" content=\"\u0160koda Auto \u015aliwka Polska\" \/>\n<meta property=\"article:modified_time\" content=\"2022-06-30T13:49:32+00:00\" \/>\n<meta property=\"og:image\" content=\"https:\/\/wyprzedaz.autosliwka.pl\/wp-content\/uploads\/2021\/07\/1-Kopia-BANER-wyprzedaz-1.png\" \/>\n<meta name=\"twitter:card\" content=\"summary_large_image\" \/>\n<meta name=\"twitter:label1\" content=\"Szacowany czas czytania\" \/>\n\t<meta name=\"twitter:data1\" content=\"1 minuta\" \/>\n<script type=\"application\/ld+json\" class=\"yoast-schema-graph\">{\"@context\":\"https:\/\/schema.org\",\"@graph\":[{\"@type\":\"WebSite\",\"@id\":\"https:\/\/wyprzedaz.autosliwka.pl\/#website\",\"url\":\"https:\/\/wyprzedaz.autosliwka.pl\/\",\"name\":\"\\u0160koda Auto \\u015aliwka Polska\",\"description\":\"Najnowsze modele Skody. Odwied\\u017a salon i zapytaj o szczeg\\u00f3\\u0142y Autoryzowanego Dealera Marki Skoda ASO. Salony: Katowice, Sosnowiec, Zabrze - \\u0160koda Auto \\u015aliwka Polska.\",\"potentialAction\":[{\"@type\":\"SearchAction\",\"target\":\"https:\/\/wyprzedaz.autosliwka.pl\/?s={search_term_string}\",\"query-input\":\"required name=search_term_string\"}],\"inLanguage\":\"pl-PL\"},{\"@type\":\"ImageObject\",\"@id\":\"https:\/\/wyprzedaz.autosliwka.pl\/index.php\/wyprzedaz-skody\/#primaryimage\",\"inLanguage\":\"pl-PL\",\"url\":\"https:\/\/wyprzedaz.autosliwka.pl\/wp-content\/uploads\/2021\/07\/1-Kopia-BANER-wyprzedaz-1.png\",\"contentUrl\":\"https:\/\/wyprzedaz.autosliwka.pl\/wp-content\/uploads\/2021\/07\/1-Kopia-BANER-wyprzedaz-1.png\",\"width\":1920,\"height\":500},{\"@type\":\"WebPage\",\"@id\":\"https:\/\/wyprzedaz.autosliwka.pl\/index.php\/wyprzedaz-skody\/#webpage\",\"url\":\"https:\/\/wyprzedaz.autosliwka.pl\/index.php\/wyprzedaz-skody\/\",\"name\":\"Wyprzeda\\u017c samochod\\u00f3w marki Skoda - dealer Skoda Auto \\u015aliwka\",\"isPartOf\":{\"@id\":\"https:\/\/wyprzedaz.autosliwka.pl\/#website\"},\"primaryImageOfPage\":{\"@id\":\"https:\/\/wyprzedaz.autosliwka.pl\/index.php\/wyprzedaz-skody\/#primaryimage\"},\"datePublished\":\"2021-07-09T11:17:02+00:00\",\"dateModified\":\"2022-06-30T13:49:32+00:00\",\"description\":\"Zapraszamy do skorzystania z oferty wyprzeda\\u017cy! W\\u0142a\\u015bnie teraz trwa wyprzeda\\u017c Skody - wybrane modele w atrakcyjnej ofercie cenowej. Nowa Skoda w dobrej cenie!\",\"breadcrumb\":{\"@id\":\"https:\/\/wyprzedaz.autosliwka.pl\/index.php\/wyprzedaz-skody\/#breadcrumb\"},\"inLanguage\":\"pl-PL\",\"potentialAction\":[{\"@type\":\"ReadAction\",\"target\":[\"https:\/\/wyprzedaz.autosliwka.pl\/index.php\/wyprzedaz-skody\/\"]}]},{\"@type\":\"BreadcrumbList\",\"@id\":\"https:\/\/wyprzedaz.autosliwka.pl\/index.php\/wyprzedaz-skody\/#breadcrumb\",\"itemListElement\":[{\"@type\":\"ListItem\",\"position\":1,\"item\":{\"@type\":\"WebPage\",\"@id\":\"https:\/\/wyprzedaz.autosliwka.pl\/\",\"url\":\"https:\/\/wyprzedaz.autosliwka.pl\/\",\"name\":\"Strona g\\u0142\\u00f3wna\"}},{\"@type\":\"ListItem\",\"position\":2,\"item\":{\"@id\":\"https:\/\/wyprzedaz.autosliwka.pl\/index.php\/wyprzedaz-skody\/#webpage\"}}]}]}<\/script>\n<!-- \/ Yoast SEO plugin. -->","_links":{"self":[{"href":"https:\/\/wyprzedaz.autosliwka.pl\/index.php\/wp-json\/wp\/v2\/pages\/2552"}],"collection":[{"href":"https:\/\/wyprzedaz.autosliwka.pl\/index.php\/wp-json\/wp\/v2\/pages"}],"about":[{"href":"https:\/\/wyprzedaz.autosliwka.pl\/index.php\/wp-json\/wp\/v2\/types\/page"}],"author":[{"embeddable":true,"href":"https:\/\/wyprzedaz.autosliwka.pl\/index.php\/wp-json\/wp\/v2\/users\/1"}],"replies":[{"embeddable":true,"href":"https:\/\/wyprzedaz.autosliwka.pl\/index.php\/wp-json\/wp\/v2\/comments?post=2552"}],"version-history":[{"count":10,"href":"https:\/\/wyprzedaz.autosliwka.pl\/index.php\/wp-json\/wp\/v2\/pages\/2552\/revisions"}],"predecessor-version":[{"id":2946,"href":"https:\/\/wyprzedaz.autosliwka.pl\/index.php\/wp-json\/wp\/v2\/pages\/2552\/revisions\/2946"}],"wp:attachment":[{"href":"https:\/\/wyprzedaz.autosliwka.pl\/index.php\/wp-json\/wp\/v2\/media?parent=2552"}],"curies":[{"name":"wp","href":"https:\/\/api.w.org\/{rel}","templated":true}]}}